{"id":598,"date":"2021-02-08T21:44:02","date_gmt":"2021-02-08T21:44:02","guid":{"rendered":"http:\/\/scope.everus.com.br\/?page_id=598"},"modified":"2021-02-17T11:21:25","modified_gmt":"2021-02-17T11:21:25","slug":"contact-us","status":"publish","type":"page","link":"https:\/\/bioenfapesp.org\/scopebioenergy\/index.php\/contact-us\/","title":{"rendered":"Contact"},"content":{"rendered":"\n<div class=\"wp-block-columns is-layout-flex wp-container-core-columns-is-layout-9d6595d7 wp-block-columns-is-layout-flex\">\n<div class=\"wp-block-column is-layout-flow wp-block-column-is-layout-flow\">\n<p><strong>Glaucia Mendes Souza<\/strong><\/p>\n\n\n\n<p>Affiliation:&nbsp;<strong><a rel=\"noreferrer noopener\" href=\"https:\/\/www5.usp.br\/#english\" target=\"_blank\">Universidade de S\u00e3o Paulo<\/a>&nbsp;and&nbsp;<a rel=\"noreferrer noopener\" href=\"https:\/\/fapesp.br\/en\" target=\"_blank\">Funda\u00e7\u00e3o&nbsp;<\/a><\/strong><a rel=\"noreferrer noopener\" href=\"https:\/\/fapesp.br\/en\" target=\"_blank\"><strong>de Amparo \u00e0 Pesquisa do Estado de S\u00e3o Paulo (FAPESP)<\/strong><\/a><\/p>\n\n\n\n<p><a rel=\"noreferrer noopener\" href=\"https:\/\/www.google.com\/maps\/place\/Av.+Prof.+Lineu+Prestes,+748+-+Butant%C3%A3,+S%C3%A3o+Paulo+-+SP,+05508-000\/data=!4m2!3m1!1s0x94ce56417e770593:0x9a10b80af6a63bf6?sa=X&amp;ved=2ahUKEwjx1PqOt9juAhXiGbkGHXHBDREQ8gEwAHoECAYQAQ\" target=\"_blank\"><img decoding=\"async\" style=\"vertical-align:middle;\" src=\"https:\/\/bioenfapesp.org\/scopebioenergy\/wp-content\/uploads\/2021\/02\/icon_address-1x.png\"><strong> Av. Prof. Lineu Prestes, 748, sala 954<\/strong><\/a><strong><br><a rel=\"noreferrer noopener\" href=\"https:\/\/www.google.com\/maps\/place\/Av.+Prof.+Lineu+Prestes,+748+-+Butant%C3%A3,+S%C3%A3o+Paulo+-+SP,+05508-000\/data=!4m2!3m1!1s0x94ce56417e770593:0x9a10b80af6a63bf6?sa=X&amp;ved=2ahUKEwjx1PqOt9juAhXiGbkGHXHBDREQ8gEwAHoECAYQAQ\" target=\"_blank\">05508-000 | S\u00e3o Paulo \u2013 SP | Brazil<\/a><\/strong><\/p>\n\n\n\n<p><img decoding=\"async\" style=\"vertical-align:middle;\" src=\"https:\/\/bioenfapesp.org\/scopebioenergy\/wp-content\/uploads\/2021\/02\/icon_phone-1x.png\"> +55 11 3091.8511 | +55 11 3091.8993<\/p>\n\n\n\n<p><a rel=\"noreferrer noopener\" href=\"http:\/\/glauciasouza.com\/\" target=\"_blank\"><img decoding=\"async\" style=\"vertical-align:middle;\" src=\"https:\/\/bioenfapesp.org\/scopebioenergy\/wp-content\/uploads\/2021\/02\/icon_web-1x.png\"><strong> glauciasouza.com<\/strong><\/a><\/p>\n<\/div>\n\n\n\n<div class=\"wp-block-column is-layout-flow wp-block-column-is-layout-flow\">\n<figure class=\"wp-block-image size-large\"><img loading=\"lazy\" decoding=\"async\" width=\"300\" height=\"300\" src=\"https:\/\/bioenfapesp.org\/scopebioenergy\/wp-content\/uploads\/2021\/02\/glaucia-souza.jpg\" alt=\"\" class=\"wp-image-962\" srcset=\"https:\/\/bioenfapesp.org\/scopebioenergy\/wp-content\/uploads\/2021\/02\/glaucia-souza.jpg 300w, https:\/\/bioenfapesp.org\/scopebioenergy\/wp-content\/uploads\/2021\/02\/glaucia-souza-150x150.jpg 150w\" sizes=\"auto, (max-width: 300px) 100vw, 300px\" \/><\/figure>\n<\/div>\n<\/div>\n\n\n\n<p><\/p>\n","protected":false},"excerpt":{"rendered":"<p>Glaucia Mendes Souza Affiliation:&nbsp;Universidade de S\u00e3o Paulo&nbsp;and&nbsp;Funda\u00e7\u00e3o&nbsp;de Amparo \u00e0 Pesquisa do Estado de S\u00e3o Paulo (FAPESP) Av. Prof. Lineu Prestes, 748, sala 95405508-000 | S\u00e3o Paulo \u2013 SP | Brazil +55 11 3091.8511 | +55 11 3091.8993 glauciasouza.com<\/p>\n","protected":false},"author":1,"featured_media":0,"parent":0,"menu_order":0,"comment_status":"closed","ping_status":"closed","template":"","meta":{"footnotes":""},"class_list":["post-598","page","type-page","status-publish","hentry","post"],"_links":{"self":[{"href":"https:\/\/bioenfapesp.org\/scopebioenergy\/index.php\/wp-json\/wp\/v2\/pages\/598","targetHints":{"allow":["GET"]}}],"collection":[{"href":"https:\/\/bioenfapesp.org\/scopebioenergy\/index.php\/wp-json\/wp\/v2\/pages"}],"about":[{"href":"https:\/\/bioenfapesp.org\/scopebioenergy\/index.php\/wp-json\/wp\/v2\/types\/page"}],"author":[{"embeddable":true,"href":"https:\/\/bioenfapesp.org\/scopebioenergy\/index.php\/wp-json\/wp\/v2\/users\/1"}],"replies":[{"embeddable":true,"href":"https:\/\/bioenfapesp.org\/scopebioenergy\/index.php\/wp-json\/wp\/v2\/comments?post=598"}],"version-history":[{"count":9,"href":"https:\/\/bioenfapesp.org\/scopebioenergy\/index.php\/wp-json\/wp\/v2\/pages\/598\/revisions"}],"predecessor-version":[{"id":970,"href":"https:\/\/bioenfapesp.org\/scopebioenergy\/index.php\/wp-json\/wp\/v2\/pages\/598\/revisions\/970"}],"wp:attachment":[{"href":"https:\/\/bioenfapesp.org\/scopebioenergy\/index.php\/wp-json\/wp\/v2\/media?parent=598"}],"curies":[{"name":"wp","href":"https:\/\/api.w.org\/{rel}","templated":true}]}}