{"id":820,"date":"2021-02-16T20:22:29","date_gmt":"2021-02-16T20:22:29","guid":{"rendered":"http:\/\/scope.everus.com.br\/?page_id=820"},"modified":"2021-02-21T17:07:38","modified_gmt":"2021-02-21T17:07:38","slug":"roster-of-experts","status":"publish","type":"page","link":"https:\/\/bioenfapesp.org\/scopebioenergy\/index.php\/roster-of-experts\/","title":{"rendered":"Roster of experts"},"content":{"rendered":"\n<p><strong>154 contributors of 31 countries<\/strong><\/p>\n\n\n\n<h3 class=\"wp-block-heading\">Editors:<\/h3>\n\n\n\n<ul class=\"wp-block-list\"><li><a href=\"https:\/\/bioenfapesp.org\/scopebioenergy\/index.php\/glaucia-mendes-souza\/\" data-type=\"page\" data-id=\"1216\">Glaucia Mendes SOUZA<\/a> &#8211; Universidade de S\u00e3o Paulo, Brazil<\/li><li>Reynaldo L. VICTORIA &#8211; Universidade de S\u00e3o Paulo, Brazil<\/li><li>Carlos A. JOLY &#8211; Universidade Estadual de Campinas, Brazil<\/li><li>Luciano M. VERDADE &#8211; Universidade de S\u00e3o Paulo, Brazil<\/li><\/ul>\n\n\n\n<h3 class=\"wp-block-heading\">Associate Editors:<\/h3>\n\n\n\n<ul class=\"wp-block-list\"><li>Paulo Eduardo ARTAXO Netto &#8211; Universidade de S\u00e3o Paulo, Brazil<\/li><li>Heitor CANTARELLA &#8211; Instituto Agron\u00f4mico de Campinas, Brazil<\/li><li>Luiz Augusto HORTA NOGUEIRA &#8211; Universidade Federal de Itajub\u00e1, Brazil<\/li><li>Isaias de Carvalho MACEDO &#8211; Universidade Estadual de Campinas, Brazil<\/li><li>Rubens MACIEL FILHO &#8211; Universidade Estadual de Campinas, Brazil<\/li><li>Andr\u00e9 Meloni NASSAR &#8211; Agroicone, Brazil<\/li><li>Marie-Anne VAN SLUYS &#8211; Universidade de S\u00e3o Paulo, Brazil&nbsp;<\/li><\/ul>\n\n\n\n<h3 class=\"wp-block-heading\">Assistant Editor:<\/h3>\n\n\n\n<ul class=\"wp-block-list\"><li>Mariana P. MASSAFERA &#8211; Universidade de S\u00e3o Paulo, Brazil<\/li><\/ul>\n\n\n\n<h3 class=\"wp-block-heading\">Scientific Advisory Committee:<\/h3>\n\n\n\n<ul class=\"wp-block-list\"><li><a href=\"https:\/\/bioenfapesp.org\/scopebioenergy\/index.php\/carlos-henrique-de-brito-cruz\/\" data-type=\"page\" data-id=\"1238\">Carlos Henrique de BRITO CRUZ<\/a> &#8211; Funda\u00e7\u00e3o de Amparo \u00e0 Pesquisa do Estado de S\u00e3o Paulo, Brazil<\/li><li><a href=\"https:\/\/bioenfapesp.org\/scopebioenergy\/index.php\/helena-chum\/\" data-type=\"page\" data-id=\"1253\">Helena L. CHUM<\/a> &#8211; National Renewable Energy Laboratory (NREL), USA<\/li><li><a href=\"https:\/\/bioenfapesp.org\/scopebioenergy\/index.php\/lewis-fulton\/\" data-type=\"page\" data-id=\"1284\">Lewis FULTON<\/a> &#8211; University of California Davis, USA<\/li><li><a href=\"https:\/\/bioenfapesp.org\/scopebioenergy\/index.php\/jose-goldemberg\/\" data-type=\"page\" data-id=\"1272\">Jos\u00e9 GOLDEMBERG<\/a> &#8211; Universidade de S\u00e3o Paulo, Brazil<\/li><li><a href=\"https:\/\/bioenfapesp.org\/scopebioenergy\/index.php\/brian-j-huntley\/\" data-type=\"page\" data-id=\"1225\">Brian J. HUNTLEY<\/a> \u2013 Stellenbosch University, South Africa<\/li><li><a href=\"https:\/\/bioenfapesp.org\/scopebioenergy\/index.php\/lee-lynd\/\" data-type=\"page\" data-id=\"1277\">Lee R. LYND<\/a> &#8211; Dartmouth College, USA<\/li><li><a href=\"https:\/\/bioenfapesp.org\/scopebioenergy\/index.php\/patricia-osseweijer\/\" data-type=\"page\" data-id=\"1293\">Patricia OSSEWEIJER<\/a> &#8211; Delft University, The Netherlands<\/li><li><a href=\"https:\/\/bioenfapesp.org\/scopebioenergy\/index.php\/jack-n-saddler\/\" data-type=\"page\" data-id=\"1257\">Jack SADDLER<\/a> &#8211; University of British Columbia, Canada<\/li><li><a href=\"https:\/\/bioenfapesp.org\/scopebioenergy\/index.php\/jon-samseth\/\" data-type=\"page\" data-id=\"1264\">Jon SAMSETH<\/a> &#8211; Oslo and Akershus University College, Norway<\/li><li><a href=\"https:\/\/bioenfapesp.org\/scopebioenergy\/index.php\/chris-somerville\/\" data-type=\"page\" data-id=\"1248\">Chris R. SOMERVILLE<\/a> &#8211; University of California Berkeley, USA<\/li><li><a href=\"https:\/\/bioenfapesp.org\/scopebioenergy\/index.php\/jeremy-woods\/\" data-type=\"page\" data-id=\"1261\">Jeremy WOODS<\/a> &#8211; Imperial College London, UK<\/li><\/ul>\n\n\n\n<h3 class=\"wp-block-heading\">Authors:<\/h3>\n\n\n\n<ul class=\"wp-block-list\"><li>Doug ARENT &#8211; National Renewable Energy Laboratory (NREL), USA<\/li><li>Paulo Eduardo ARTAXO Netto &#8211; Universidade de S\u00e3o Paulo, Brazil<\/li><li>Jean Claude AUTREY &#8211; Omnicane Limited, Mauritius<\/li><li>Maria Victoria Ramos BALLESTER &#8211; Universidade de S\u00e3o Paulo, Brazil<\/li><li>Mateus BATISTELLA &#8211; EMBRAPA Monitoramento por Sat\u00e9lite, Brazil<\/li><li>Gregg T. BECKHAM &#8211; National Renewable Energy Laboratory (NREL), USA<\/li><li>G\u00f6ran BERNDES &#8211; Chalmers University of Technology, Sweden<\/li><li>Marcos S. BUCKERIDGE &#8211; Universidade de S\u00e3o Paulo, Brazil<\/li><li>Heitor CANTARELLA &#8211; Instituto Agron\u00f4mico de Campinas, Brazil<\/li><li>Hoysala CHANAKYA &#8211; Indian Institute of Science, India<\/li><li>Helena L. CHUM &#8211; National Renewable Energy Laboratory (NREL), USA<\/li><li>Marco COLANGELI &#8211; GBEP Secretariat, Food and Agriculture Organization of the UN (FAO), Italy<\/li><li>Luis Augusto Barbosa CORTEZ &#8211; Universidade Estadual de Campinas, Brazil<\/li><li>Annette L. COWIE &#8211; University of New England, Australia<\/li><li>Virginia H. DALE &#8211; Oak Ridge National Laboratory, USA<\/li><li>Sarah C. DAVIS &#8211; Ohio University, USA<\/li><li>Rocio DIAZ-CHAVEZ &#8211; Imperial College London, UK<\/li><li>Tiago Egger Moellwald DUQUE ESTRADA &#8211; Universidade Estadual de Campinas, Brazil<\/li><li>Hosny EL-LAKANY &#8211; University of British Columbia, Canada<\/li><li>Jody ENDRES &#8211; University of Illinois at Urbana-Champaign, USA<\/li><li>Andr\u00e9 FAAIJ &#8211; Energy Academy Europe, The Netherlands<\/li><li>Abigail FALLOT &#8211; CIRAD, GREEN Research Unit, France; CATIE, Climate Change and Watersheds Programme, Costa Rica<\/li><li>Erick FERNANDES, World Bank, USA<\/li><li>Geoffrey B. FINCHER &#8211; University of Adelaide, Australia<\/li><li>Thomas D. FOUST &#8211; National Renewable Energy Laboratory (NREL), USA<\/li><li>Bundit FUNGTAMMASAN &#8211; King Mongkut\u2019s University of Technology Thonburi, Thailand<\/li><li>Jos\u00e9 GOLDEMBERG &#8211; Universidade de S\u00e3o Paulo, Brazil<\/li><li>Luiz Augusto HORTA NOGUEIRA &#8211; Universidade Federal de Itajub\u00e1, Brazil<\/li><li>Brian J. HUNTLEY &#8211; Stellenbosch University, South Africa<\/li><li>Deepak JAISWAL &#8211; University of Illinois, USA<\/li><li>Graham JEWITT &#8211; University of KwaZulu-Natal, South Africa<\/li><li>Francis X. JOHNSON &#8211; Stockholm Environment Institute, Sweden<\/li><li>Carlos A. JOLY &#8211; Universidade Estadual de Campinas, Brazil<\/li><li>Stephen KAFFKA &#8211; University of California &#8211; Davis, USA<\/li><li>Doug KARLEN &#8211; USDA Agricultural Research Service, USA<\/li><li>Angela KARP &#8211; Rothamsted Research, UK<\/li><li>Keith KLINE &#8211; Oak Ridge National Laboratory, USA<\/li><li>Mark LASER &#8211; Dartmouth College, USA<\/li><li>Manoel Regis L. V. LEAL &#8211; Brazilian Bioethanol Science and Technology Laboratory, Brazil<\/li><li>Steve LONG &#8211; University of Illinois, USA<\/li><li>Lee R. LYND &#8211; Dartmouth College, USA<\/li><li>Georgina MACE &#8211; University College London, UK<\/li><li>Isaias de Carvalho MACEDO &#8211; Universidade Estadual de Campinas, Brazil<\/li><li>Rubens MACIEL FILHO &#8211; Universidade Estadual de Campinas, Brazil<\/li><li>Aparat MAHAKHANT &#8211; Thai Institute of Scientific and Technological Research, Thailand<\/li><li>Maxwell MAPAKO &#8211; Council for Scientific and Industrial Research (CSIR), South Africa<\/li><li>Luisa MARELLI &#8211; European Commission, Italy<\/li><li>Luiz Antonio MARTINELLI &#8211; Universidade de S\u00e3o Paulo, Brazil<\/li><li>Robert MCCORMICK &#8211; National Renewable Energy Laboratory (NREL), USA<\/li><li>Paul H. MOORE &#8211; Centro de Tecnologia Canavieira, Brazil<\/li><li>Steve P. MOOSE &#8211; University of Illinois at Urbana-Champaign, USA<\/li><li>Marcia Azanha F. D. de MORAES &#8211; Universidade de S\u00e3o Paulo, Brazil<\/li><li>Maria Michela MORESE &#8211; GBEP Secretariat, Food and Agriculture Organization of the UN (FAO), Italy<\/li><li>Benard MUOK &#8211; African Centre for Technology Studies, Kenya<\/li><li>Denis J. MURPHY &#8211; University of South Wales, UK<\/li><li>David J. MUTH JR. &#8211; Praxik LLC, USA<\/li><li>Andr\u00e9 Meloni NASSAR &#8211; Agroicone, Brazil<\/li><li>Francisco E. B. NIGRO &#8211; Universidade de S\u00e3o Paulo, Brazil<\/li><li>Dan NEARY &#8211; USDA Forest Service, USA<\/li><li>Sebastian OL\u00c9NYI &#8211; Delft University of Technology, The Netherlands<\/li><li>Siaw ONWONA-AGYEMAN &#8211; Tokyo University of Agriculture and Technology, Japan; University of Ghana, Ghana<\/li><li>Patricia OSSEWEIJER &#8211; Delft University of Technology, The Netherlands<\/li><li>Martina OTTO &#8211; United Nations Environmental Programme (UNEP), France<\/li><li>Ralph P. OVEREND &#8211; National Renewable Energy Laboratory (NREL), USA<\/li><li>Luc PELKMANS &#8211; VITO, Belgium<\/li><li>N.H. RAVINDRANATH &#8211; Indian Institute of Science, India<\/li><li>Tom L. RICHARD &#8211; Pennsylvania State University, USA<\/li><li>Jack SADDLER &#8211; University of British Columbia, Canada<\/li><li>Jon SAMSETH &#8211; Oslo and Akershus University College, Norway<\/li><li>Joaquim E. A. SEABRA &#8211; Universidade Estadual de Campinas, Brazil<\/li><li>Vikram SEEBALUCK &#8211; University of Mauritius, Mauritius<\/li><li>Lindiwe Majele SIBANDA &#8211; Food, Agriculture and Natural Resources Policy Analysis Network (FANRPAN), South Africa<\/li><li>Edward SMEETS &#8211; Wageningen University and Research Centrum, The Netherlands<\/li><li>Chris R. SOMERVILLE &#8211; University of California Berkeley, USA<\/li><li>Zilmar Jos\u00e9 de SOUZA &#8211; Brazilian Sugarcane Industry Association and Funda\u00e7\u00e3o Get\u00falio Vargas, Brazil<\/li><li>Ling TAO &#8211; National Renewable Energy Laboratory (NREL), USA<\/li><li>Wallace E. TYNER &#8211; Purdue University, USA<\/li><li>Luuk VAN DER WIELEN &#8211; Delft University of Technology, The Netherlands<\/li><li>Hans VAN MEIJL &#8211; Wageningen University and Research Centrum, The Netherlands<\/li><li>Marie-Anne VAN SLUYS &#8211; Universidade de S\u00e3o Paulo, Brazil&nbsp;<\/li><li>Luciano M. VERDADE &#8211; Universidade de S\u00e3o Paulo, Brazil<\/li><li>Daniel de Castro VICTORIA &#8211; EMBRAPA Monitoramento por Sat\u00e9lite, Brazil<\/li><li>Graham VON MALTITZ &#8211; Council for Scientific and Industrial Research (CSIR), South Africa<\/li><li>Avigad VONSHAK &#8211; Ben Gurion University, Israel<\/li><li>Arnaldo Cesar da Silva WALTER &#8211; Universidade Estadual de Campinas, Brazil<\/li><li>Michael Q. WANG &#8211; Argonne National Laboratory, USA<\/li><li>Ethan WARNER &#8211; National Renewable Energy Laboratory (NREL), USA<\/li><li>Helen K. WATSON &#8211; University of KwaZulu-Natal, South Africa<\/li><li>Jeremy WOODS &#8211; Imperial College London, UK<\/li><li>Heather YOUNGS &#8211; University of California Berkeley, USA<\/li><li>David ZILBERMAN &#8211; University of California Berkeley, USA<\/li><\/ul>\n\n\n\n<h3 class=\"wp-block-heading\">&nbsp;Reviewers:<\/h3>\n\n\n\n<ul class=\"wp-block-list\"><li>Daniel H. BOUILLE &#8211; Bariloche Foundation, Argentina<\/li><li>William BURNQUIST &#8211; Centro de Tecnologia Canavieira, Brazil<\/li><li>Altivo R. A. A. CUNHA, Brazil<\/li><li>Bruce DALE &#8211; Michigan State University, USA<\/li><li>Trevor FENNING &#8211; Forestry Commission, UK<\/li><li>Sune Balle HANSEN &#8211; Universiti Teknologi Malaysia, Malaysia<\/li><li>Brian HEAP &#8211; Centre for Development Studies, Cambridge, UK<\/li><li>Emily HEATON &#8211; Iowa State University, USA<\/li><li>Clare HINRICHS &#8211; Pennsylvania State University, USA<\/li><li>Daniel KAMMEN &#8211; University of California at Berkeley, USA<\/li><li>Michael KELLER &#8211; US Forest Service, USA<\/li><li>Birger KERCKOW &#8211; International Energy Agency, Germany<\/li><li>Madhu KHANNA &#8211; University of Illinois, USA<\/li><li>Manfred KIRSCHER &#8211; Cluster Industrielle Biotechnologie, Germany<\/li><li>Thomas LOVEJOY &#8211; George Mason University, USA<\/li><li>Jeffrey McNEELY &#8211; UNEP International Resource Panel, Switzerland<\/li><li>Jerry M. MELILLO &#8211; Marine Biological Laboratory, USA<\/li><li>Artur Yabe MILANEZ &#8211; Banco Nacional de Desenvolvimento Econ\u00f4mico e Social, Brazil<\/li><li>Emilio MORAN &#8211; Indiana University, USA<\/li><li>Jean Pierre Henry Balbaud OMETTO &#8211; Instituto Nacional de Pesquisas Espaciais, Brazil<\/li><li>Ghillean T. PRANCE &#8211; Royal Botanic Gardens, UK<\/li><li>Brian PURCHASE &#8211; Sugar Milling Research Institute, South Africa<\/li><li>Frank ROSILLO-CALLE &#8211; Imperial College, UK<\/li><li>Teresa SELFA &#8211; State University of New York, USA<\/li><li>Thapat SILALERTRUKSA &#8211; King Mongkut&#8217;s University of Technology Thonburi, Thailand<\/li><li>Inge STUPAK &#8211; University of Copenhagen, Denmark<\/li><li>Patricia THORNLEY \u2013 The University of Manchester, UK<\/li><li>Gary H. TOENNIESSEN- The Rockefeller Foundation, USA<\/li><li>Jos\u00e9 Galizia TUNDISI &#8211; Instituto Internacional de Ecologia, Brazil<\/li><li>Timothy A. VOLK &#8211; State University of New York, USA<\/li><\/ul>\n\n\n\n<p>*We also wish also to acknowledge the contribution of eight undisclosed reviewers<\/p>\n\n\n\n<h3 class=\"wp-block-heading\">SCOPE Staff:<\/h3>\n\n\n\n<ul class=\"wp-block-list\"><li>Susan GREENWOOD ETIENNE &#8211; SCOPE Secretariat, France<\/li><li>Fran\u00e7oise PASCAL &#8211; SCOPE Secretariat, France<\/li><\/ul>\n\n\n\n<h3 class=\"wp-block-heading\">FAPESP Programs Staff:<\/h3>\n\n\n\n<ul class=\"wp-block-list\"><li>Mariana P. MASSAFERA &#8211; BIOEN, Brazil<\/li><li>Maria Victoria Ramos BALLESTER &#8211; RPGCC, Brazil<\/li><li>Tiago Egger Moellwald DUQUE ESTRADA &#8211; BIOTA, Brazil<\/li><li>Marcelo MELETTI &#8211; FAPESP, Brazil<\/li><\/ul>\n","protected":false},"excerpt":{"rendered":"<p>154 contributors of 31 countries Editors: Glaucia Mendes SOUZA &#8211; Universidade de S\u00e3o Paulo, Brazil Reynaldo L. VICTORIA &#8211; Universidade de S\u00e3o Paulo, Brazil Carlos A. JOLY &#8211; Universidade Estadual de Campinas, Brazil Luciano M. VERDADE &#8211; Universidade de S\u00e3o Paulo, Brazil Associate Editors: Paulo Eduardo ARTAXO Netto &#8211; Universidade de S\u00e3o Paulo, Brazil Heitor [&hellip;]<\/p>\n","protected":false},"author":1,"featured_media":0,"parent":0,"menu_order":0,"comment_status":"closed","ping_status":"closed","template":"","meta":{"footnotes":""},"class_list":["post-820","page","type-page","status-publish","hentry","post"],"_links":{"self":[{"href":"https:\/\/bioenfapesp.org\/scopebioenergy\/index.php\/wp-json\/wp\/v2\/pages\/820","targetHints":{"allow":["GET"]}}],"collection":[{"href":"https:\/\/bioenfapesp.org\/scopebioenergy\/index.php\/wp-json\/wp\/v2\/pages"}],"about":[{"href":"https:\/\/bioenfapesp.org\/scopebioenergy\/index.php\/wp-json\/wp\/v2\/types\/page"}],"author":[{"embeddable":true,"href":"https:\/\/bioenfapesp.org\/scopebioenergy\/index.php\/wp-json\/wp\/v2\/users\/1"}],"replies":[{"embeddable":true,"href":"https:\/\/bioenfapesp.org\/scopebioenergy\/index.php\/wp-json\/wp\/v2\/comments?post=820"}],"version-history":[{"count":25,"href":"https:\/\/bioenfapesp.org\/scopebioenergy\/index.php\/wp-json\/wp\/v2\/pages\/820\/revisions"}],"predecessor-version":[{"id":1296,"href":"https:\/\/bioenfapesp.org\/scopebioenergy\/index.php\/wp-json\/wp\/v2\/pages\/820\/revisions\/1296"}],"wp:attachment":[{"href":"https:\/\/bioenfapesp.org\/scopebioenergy\/index.php\/wp-json\/wp\/v2\/media?parent=820"}],"curies":[{"name":"wp","href":"https:\/\/api.w.org\/{rel}","templated":true}]}}