{"id":907,"date":"2021-02-16T23:33:12","date_gmt":"2021-02-16T23:33:12","guid":{"rendered":"http:\/\/scope.everus.com.br\/?page_id=907"},"modified":"2021-02-21T16:09:49","modified_gmt":"2021-02-21T16:09:49","slug":"pictures-2","status":"publish","type":"page","link":"https:\/\/bioenfapesp.org\/scopebioenergy\/index.php\/pictures-2\/","title":{"rendered":"Pictures"},"content":{"rendered":"\n<h2 class=\"wp-block-heading\">SCOPE-FAPESP Bioenergy &amp; Sustainability Symposium<\/h2>\n\n\n\n<div class=\"wp-block-image\"><figure class=\"aligncenter size-large\"><img loading=\"lazy\" decoding=\"async\" width=\"813\" height=\"542\" src=\"https:\/\/bioenfapesp.org\/scopebioenergy\/wp-content\/uploads\/2021\/02\/SCOPE-World-Bank.jpg\" alt=\"\" class=\"wp-image-1210\" srcset=\"https:\/\/bioenfapesp.org\/scopebioenergy\/wp-content\/uploads\/2021\/02\/SCOPE-World-Bank.jpg 813w, https:\/\/bioenfapesp.org\/scopebioenergy\/wp-content\/uploads\/2021\/02\/SCOPE-World-Bank-300x200.jpg 300w, https:\/\/bioenfapesp.org\/scopebioenergy\/wp-content\/uploads\/2021\/02\/SCOPE-World-Bank-768x512.jpg 768w, https:\/\/bioenfapesp.org\/scopebioenergy\/wp-content\/uploads\/2021\/02\/SCOPE-World-Bank-720x480.jpg 720w, https:\/\/bioenfapesp.org\/scopebioenergy\/wp-content\/uploads\/2021\/02\/SCOPE-World-Bank-272x182.jpg 272w\" sizes=\"auto, (max-width: 813px) 100vw, 813px\" \/><figcaption>World Bank, Washington DC &#8211; USA, 28 Sep 2015<\/figcaption><\/figure><\/div>\n\n\n\n<h2 class=\"wp-block-heading\">Policy Day &#8211; 2nd Brazilian Bioenergy Science and Technology Conference<\/h2>\n\n\n\n<figure class=\"wp-block-gallery columns-3 is-cropped wp-block-gallery-1 is-layout-flex wp-block-gallery-is-layout-flex\"><ul class=\"blocks-gallery-grid\"><li class=\"blocks-gallery-item\"><figure><a href=\"https:\/\/bioenfapesp.org\/scopebioenergy\/wp-content\/uploads\/2021\/02\/EDU_0338.jpg\"><img loading=\"lazy\" decoding=\"async\" width=\"690\" height=\"458\" src=\"https:\/\/bioenfapesp.org\/scopebioenergy\/wp-content\/uploads\/2021\/02\/EDU_0338.jpg\" alt=\"\" data-id=\"1199\" data-full-url=\"https:\/\/bioenfapesp.org\/scopebioenergy\/wp-content\/uploads\/2021\/02\/EDU_0338.jpg\" data-link=\"https:\/\/bioenfapesp.org\/scopebioenergy\/index.php\/pictures-2\/edu_0338\/\" class=\"wp-image-1199\" srcset=\"https:\/\/bioenfapesp.org\/scopebioenergy\/wp-content\/uploads\/2021\/02\/EDU_0338.jpg 690w, https:\/\/bioenfapesp.org\/scopebioenergy\/wp-content\/uploads\/2021\/02\/EDU_0338-300x199.jpg 300w, https:\/\/bioenfapesp.org\/scopebioenergy\/wp-content\/uploads\/2021\/02\/EDU_0338-272x182.jpg 272w\" sizes=\"auto, (max-width: 690px) 100vw, 690px\" \/><\/a><\/figure><\/li><li class=\"blocks-gallery-item\"><figure><a href=\"https:\/\/bioenfapesp.org\/scopebioenergy\/wp-content\/uploads\/2021\/02\/EDU_0335.jpg\"><img loading=\"lazy\" decoding=\"async\" width=\"690\" height=\"458\" src=\"https:\/\/bioenfapesp.org\/scopebioenergy\/wp-content\/uploads\/2021\/02\/EDU_0335.jpg\" alt=\"\" data-id=\"1200\" data-full-url=\"https:\/\/bioenfapesp.org\/scopebioenergy\/wp-content\/uploads\/2021\/02\/EDU_0335.jpg\" data-link=\"https:\/\/bioenfapesp.org\/scopebioenergy\/index.php\/pictures-2\/edu_0335\/\" class=\"wp-image-1200\" srcset=\"https:\/\/bioenfapesp.org\/scopebioenergy\/wp-content\/uploads\/2021\/02\/EDU_0335.jpg 690w, https:\/\/bioenfapesp.org\/scopebioenergy\/wp-content\/uploads\/2021\/02\/EDU_0335-300x199.jpg 300w, https:\/\/bioenfapesp.org\/scopebioenergy\/wp-content\/uploads\/2021\/02\/EDU_0335-272x182.jpg 272w\" sizes=\"auto, (max-width: 690px) 100vw, 690px\" \/><\/a><\/figure><\/li><li class=\"blocks-gallery-item\"><figure><a href=\"https:\/\/bioenfapesp.org\/scopebioenergy\/wp-content\/uploads\/2021\/02\/EDU_0195.jpg\"><img loading=\"lazy\" decoding=\"async\" width=\"690\" height=\"458\" src=\"https:\/\/bioenfapesp.org\/scopebioenergy\/wp-content\/uploads\/2021\/02\/EDU_0195.jpg\" alt=\"\" data-id=\"1201\" data-full-url=\"https:\/\/bioenfapesp.org\/scopebioenergy\/wp-content\/uploads\/2021\/02\/EDU_0195.jpg\" data-link=\"https:\/\/bioenfapesp.org\/scopebioenergy\/index.php\/pictures-2\/edu_0195\/\" class=\"wp-image-1201\" srcset=\"https:\/\/bioenfapesp.org\/scopebioenergy\/wp-content\/uploads\/2021\/02\/EDU_0195.jpg 690w, https:\/\/bioenfapesp.org\/scopebioenergy\/wp-content\/uploads\/2021\/02\/EDU_0195-300x199.jpg 300w, https:\/\/bioenfapesp.org\/scopebioenergy\/wp-content\/uploads\/2021\/02\/EDU_0195-272x182.jpg 272w\" sizes=\"auto, (max-width: 690px) 100vw, 690px\" \/><\/a><\/figure><\/li><li class=\"blocks-gallery-item\"><figure><a href=\"https:\/\/bioenfapesp.org\/scopebioenergy\/wp-content\/uploads\/2021\/02\/EDU_0161.jpg\"><img loading=\"lazy\" decoding=\"async\" width=\"690\" height=\"458\" src=\"https:\/\/bioenfapesp.org\/scopebioenergy\/wp-content\/uploads\/2021\/02\/EDU_0161.jpg\" alt=\"\" data-id=\"1202\" data-full-url=\"https:\/\/bioenfapesp.org\/scopebioenergy\/wp-content\/uploads\/2021\/02\/EDU_0161.jpg\" data-link=\"https:\/\/bioenfapesp.org\/scopebioenergy\/index.php\/pictures-2\/edu_0161\/\" class=\"wp-image-1202\" srcset=\"https:\/\/bioenfapesp.org\/scopebioenergy\/wp-content\/uploads\/2021\/02\/EDU_0161.jpg 690w, https:\/\/bioenfapesp.org\/scopebioenergy\/wp-content\/uploads\/2021\/02\/EDU_0161-300x199.jpg 300w, https:\/\/bioenfapesp.org\/scopebioenergy\/wp-content\/uploads\/2021\/02\/EDU_0161-272x182.jpg 272w\" sizes=\"auto, (max-width: 690px) 100vw, 690px\" \/><\/a><\/figure><\/li><li class=\"blocks-gallery-item\"><figure><a href=\"https:\/\/bioenfapesp.org\/scopebioenergy\/wp-content\/uploads\/2021\/02\/EDU_0159.jpg\"><img loading=\"lazy\" decoding=\"async\" width=\"690\" height=\"458\" src=\"https:\/\/bioenfapesp.org\/scopebioenergy\/wp-content\/uploads\/2021\/02\/EDU_0159.jpg\" alt=\"\" data-id=\"1203\" data-full-url=\"https:\/\/bioenfapesp.org\/scopebioenergy\/wp-content\/uploads\/2021\/02\/EDU_0159.jpg\" data-link=\"https:\/\/bioenfapesp.org\/scopebioenergy\/index.php\/pictures-2\/edu_0159\/\" class=\"wp-image-1203\" srcset=\"https:\/\/bioenfapesp.org\/scopebioenergy\/wp-content\/uploads\/2021\/02\/EDU_0159.jpg 690w, https:\/\/bioenfapesp.org\/scopebioenergy\/wp-content\/uploads\/2021\/02\/EDU_0159-300x199.jpg 300w, https:\/\/bioenfapesp.org\/scopebioenergy\/wp-content\/uploads\/2021\/02\/EDU_0159-272x182.jpg 272w\" sizes=\"auto, (max-width: 690px) 100vw, 690px\" \/><\/a><\/figure><\/li><li class=\"blocks-gallery-item\"><figure><a href=\"https:\/\/bioenfapesp.org\/scopebioenergy\/wp-content\/uploads\/2021\/02\/EDU_0077.jpg\"><img loading=\"lazy\" decoding=\"async\" width=\"690\" height=\"458\" src=\"https:\/\/bioenfapesp.org\/scopebioenergy\/wp-content\/uploads\/2021\/02\/EDU_0077.jpg\" alt=\"\" data-id=\"1204\" data-full-url=\"https:\/\/bioenfapesp.org\/scopebioenergy\/wp-content\/uploads\/2021\/02\/EDU_0077.jpg\" data-link=\"https:\/\/bioenfapesp.org\/scopebioenergy\/index.php\/pictures-2\/edu_0077\/\" class=\"wp-image-1204\" srcset=\"https:\/\/bioenfapesp.org\/scopebioenergy\/wp-content\/uploads\/2021\/02\/EDU_0077.jpg 690w, https:\/\/bioenfapesp.org\/scopebioenergy\/wp-content\/uploads\/2021\/02\/EDU_0077-300x199.jpg 300w, https:\/\/bioenfapesp.org\/scopebioenergy\/wp-content\/uploads\/2021\/02\/EDU_0077-272x182.jpg 272w\" sizes=\"auto, (max-width: 690px) 100vw, 690px\" \/><\/a><\/figure><\/li><\/ul><figcaption class=\"blocks-gallery-caption\">Policy Day &#8211; 2nd Brazilian Bioenergy Science and Technology Conference<\/figcaption><\/figure>\n\n\n\n<div style=\"height:21px\" aria-hidden=\"true\" class=\"wp-block-spacer\"><\/div>\n\n\n\n<h2 class=\"wp-block-heading\">SCOPE RAP Workshop<\/h2>\n\n\n\n<div class=\"wp-block-image\"><figure class=\"aligncenter size-large\"><img loading=\"lazy\" decoding=\"async\" width=\"690\" height=\"460\" src=\"https:\/\/bioenfapesp.org\/scopebioenergy\/wp-content\/uploads\/2021\/02\/IMG_4211a061213_1x.jpg\" alt=\"\" class=\"wp-image-1187\" srcset=\"https:\/\/bioenfapesp.org\/scopebioenergy\/wp-content\/uploads\/2021\/02\/IMG_4211a061213_1x.jpg 690w, https:\/\/bioenfapesp.org\/scopebioenergy\/wp-content\/uploads\/2021\/02\/IMG_4211a061213_1x-300x200.jpg 300w, https:\/\/bioenfapesp.org\/scopebioenergy\/wp-content\/uploads\/2021\/02\/IMG_4211a061213_1x-272x182.jpg 272w\" sizes=\"auto, (max-width: 690px) 100vw, 690px\" \/><figcaption>Paris &#8211; France, 2-6 December 2013<\/figcaption><\/figure><\/div>\n\n\n\n<p><strong>Participants<\/strong><\/p>\n\n\n\n<figure class=\"wp-block-table is-style-stripes\"><table><thead><tr><th><\/th><th><strong>Name<\/strong><\/th><th><strong>Institution<\/strong><\/th><th><strong>Country<\/strong><\/th><\/tr><\/thead><tbody><tr><td><strong>ARENT<\/strong><\/td><td>Douglas Arent<\/td><td>National Renewable Energy Laboratory<\/td><td>USA<\/td><\/tr><tr><td><strong>ARTAXO<\/strong><\/td><td>Paulo Artaxo<\/td><td>Universidade de S\u00e3o Paulo<\/td><td>Brazil<\/td><\/tr><tr><td><strong>BALLESTER<\/strong><\/td><td>Maria Victoria Ramos Ballester<\/td><td>CENA\/PFPMCG<\/td><td>Brazil<\/td><\/tr><tr><td><strong>BATISTELLA<\/strong><\/td><td>Mateus Batistella<\/td><td>Embrapa<\/td><td>Brazil<\/td><\/tr><tr><td><strong>BRITO CRUZ<\/strong><\/td><td>Carlos Henrique de Brito Cruz<\/td><td>FAPESP Funda\u00e7\u00e3o de Amparo \u00e0 Pesquisa do Estado de S\u00e3o Paulo<\/td><td>Brazil<\/td><\/tr><tr><td><strong>CANTARELLA<\/strong><\/td><td>Heitor Cantarella<\/td><td>Agronomic Institute of Campinas\/BIOEN<\/td><td>Brazil<\/td><\/tr><tr><td><strong>CHUM<\/strong><\/td><td>Helena Chum<\/td><td>National Renewable Energy Laboratory<\/td><td>USA<\/td><\/tr><tr><td><strong>CORTEZ<\/strong><\/td><td>Luis Augusto Barbosa Cortez<\/td><td>UNICAMP<\/td><td>Brazil<\/td><\/tr><tr><td><strong>DIAZ-CHAVEZ<\/strong><\/td><td>Rocio Diaz-Chavez<\/td><td>Imperial College<\/td><td>UK<\/td><\/tr><tr><td><strong>EL-LAKANY<\/strong><\/td><td>Hosny El-Lakany<\/td><td>University of British Columbia<\/td><td>Canada<\/td><\/tr><tr><td><strong>ENDRES<\/strong><\/td><td>Jody Endres<\/td><td>University of Illinois at Urbana-Champaign<\/td><td>USA<\/td><\/tr><tr><td><strong>ESTRADA<\/strong><\/td><td>Tiago E.M. Duque Estrada<\/td><td>UNICAMP\/BIOTA<\/td><td>Brazil<\/td><\/tr><tr><td><strong>FAAIJ<\/strong><\/td><td>Andre Faaij<\/td><td>Utrecht University<\/td><td>The Netherlands<\/td><\/tr><tr><td><strong>FERNANDES<\/strong><\/td><td>Erick Fernandes<\/td><td>World Bank<\/td><td>USA<\/td><\/tr><tr><td><strong>FINCHER<\/strong><\/td><td>Geoff Fincher<\/td><td>University of Adelaide<\/td><td>Australia<\/td><\/tr><tr><td><strong>FOUST<\/strong><\/td><td>Thomas Foust<\/td><td>National Renewable Energy Laboratory<\/td><td>USA<\/td><\/tr><tr><td><strong>GREENWOOD<\/strong><\/td><td>Susan Greenwood<\/td><td>SCOPE<\/td><td>France<\/td><\/tr><tr><td><strong>HORTA NOGUEIRA<\/strong><\/td><td>Luiz Augusto Horta Nogueira<\/td><td>Universidade Federal de Itajub\u00e1<\/td><td>Brazil<\/td><\/tr><tr><td><strong>HOYSALA<\/strong><\/td><td>Chanakya Hoysala<\/td><td>Indian Institute of Science<\/td><td>India<\/td><\/tr><tr><td><strong>HUNTLEY<\/strong><\/td><td>Brian Huntley<\/td><td>University of Stellenbosch<\/td><td>South Africa<\/td><\/tr><tr><td><strong>JOHNSON<\/strong><\/td><td>Francis Johnson<\/td><td>Stockholm Environment Institute (SEI)<\/td><td>Sweden<\/td><\/tr><tr><td><strong>KAFFKA<\/strong><\/td><td>Steve Kaffka<\/td><td>University of California at Davis<\/td><td>USA<\/td><\/tr><tr><td><strong>KARP<\/strong><\/td><td>Angela Karp<\/td><td>Rothamsted Research<\/td><td>UK<\/td><\/tr><tr><td><strong>LEAL<\/strong><\/td><td>Manoel Regis L. V. Leal<\/td><td>Laborat\u00f3rio Nacional de Ci\u00eancia e Tecnologia do Bioetanol<\/td><td>Brazil<\/td><\/tr><tr><td><strong>LONG<\/strong><\/td><td>Stephen Long<\/td><td>University of Illinois at Urbana-Champaign<\/td><td>USA<\/td><\/tr><tr><td><strong>LYND<\/strong><\/td><td>Lee Lynd<\/td><td>Dartmouth College<\/td><td>USA<\/td><\/tr><tr><td><strong>MACEDO<\/strong><\/td><td>Isaias de Carvalho Macedo<\/td><td>Universidade Estadual de Campinas<\/td><td>Brazil<\/td><\/tr><tr><td><strong>MACIEL FILHO<\/strong><\/td><td>Rubens Maciel Filho<\/td><td>University of Campinas\/BIOEN<\/td><td>Brazil<\/td><\/tr><tr><td><strong>MAHAKHANT<\/strong><\/td><td>Aparat Mahakhant<\/td><td>TISTR<\/td><td>Thailand<\/td><\/tr><tr><td><strong>MASSAFERA<\/strong><\/td><td>Mariana P. Massafera<\/td><td>University of S\u00e3o Paulo\/BIOEN<\/td><td>Brazil<\/td><\/tr><tr><td><strong>MELETTI<\/strong><\/td><td>Marcelo Meletti<\/td><td>FAPESP<\/td><td>Brazil<\/td><\/tr><tr><td><strong>NASSAR<\/strong><\/td><td>Andre M. Nassar<\/td><td>Instituto de Estudos do Com\u00e9rcio e Negocia\u00e7\u00f5es Internacionais<\/td><td>Brazil<\/td><\/tr><tr><td><strong>NIGRO<\/strong><\/td><td>Francisco E. B. Nigro<\/td><td>Universidade de S\u00e3o Paulo<\/td><td>Brazil<\/td><\/tr><tr><td><strong>OSSEWEIJER<\/strong><\/td><td>Patricia Osseweijer<\/td><td>Delft University of Technology<\/td><td>The Netherlands<\/td><\/tr><tr><td><strong>OTTO<\/strong><\/td><td>Martina Otto<\/td><td>UNEP DTIE<\/td><td>France<\/td><\/tr><tr><td><strong>RAVINDRANATH<\/strong><\/td><td>NH Ravindranath Indian<\/td><td>Institute of Science<\/td><td>India<\/td><\/tr><tr><td><strong>RICHARD<\/strong><\/td><td>Tom Richard<\/td><td>Pennsylvania State University<\/td><td>USA<\/td><\/tr><tr><td><strong>SADDLER<\/strong><\/td><td>Jack Saddler<\/td><td>University of British Columbia<\/td><td>Canada<\/td><\/tr><tr><td><strong>SAMSETH<\/strong><\/td><td>Jon Samseth<\/td><td>HIOA \/ SINTEF<\/td><td>Norway<\/td><\/tr><tr><td><strong>SEEBALUCK<\/strong><\/td><td>Vikram Seebaluck<\/td><td>University of Mauritius<\/td><td>Mauritius<\/td><\/tr><tr><td><strong>SOMERVILLE<\/strong><\/td><td>Chris Somerville<\/td><td>University of California at Berkeley<\/td><td>USA<\/td><\/tr><tr><td><strong>SOUZA<\/strong><\/td><td>Glaucia Mendes Souza<\/td><td>Universidade de S\u00e3o Paulo<\/td><td>Brazil<\/td><\/tr><tr><td><strong>VAN DER WIELEN<\/strong><\/td><td>Luuk van der Wielen<\/td><td>BE-Basic<\/td><td>The Netherlands<\/td><\/tr><tr><td><strong>VAN MEIJL<\/strong><\/td><td>Hans Van Meijl<\/td><td>Wageningen University<\/td><td>The Netherlands<\/td><\/tr><tr><td><strong>VAN&nbsp;SLUYS<\/strong><\/td><td>Marie-Anne Van Sluys<\/td><td>University of S\u00e3o Paulo\/BIOEN<\/td><td>Brazil<\/td><\/tr><tr><td><strong>VERDADE<\/strong><\/td><td>Luciano M. Verdade<\/td><td>Universidade de S\u00e3o Paulo<\/td><td>Brazil<\/td><\/tr><tr><td><strong>VICTORIA<\/strong><\/td><td>Reynaldo Victoria<\/td><td>Universidade de S\u00e3o Paulo<\/td><td>Brazil<\/td><\/tr><tr><td><strong>WATSON<\/strong><\/td><td>Helen Watson<\/td><td>University of KwaZulu-Natal<\/td><td>South Africa<\/td><\/tr><tr><td><strong>WOODS<\/strong><\/td><td>Jeremy Woods<\/td><td>Imperial College<\/td><td>UK<\/td><\/tr><tr><td><strong>YOUNGS<\/strong><\/td><td>Heather Youngs<\/td><td>University of California at Berkeley<\/td><td>USA<\/td><\/tr><\/tbody><\/table><\/figure>\n\n\n\n<h2 class=\"wp-block-heading\">Scoping Meeting<\/h2>\n\n\n\n<div class=\"wp-block-image\"><figure class=\"aligncenter size-large\"><img loading=\"lazy\" decoding=\"async\" width=\"588\" height=\"392\" src=\"https:\/\/bioenfapesp.org\/scopebioenergy\/wp-content\/uploads\/2021\/02\/photo-sac.jpg\" alt=\"\" class=\"wp-image-1185\" srcset=\"https:\/\/bioenfapesp.org\/scopebioenergy\/wp-content\/uploads\/2021\/02\/photo-sac.jpg 588w, https:\/\/bioenfapesp.org\/scopebioenergy\/wp-content\/uploads\/2021\/02\/photo-sac-300x200.jpg 300w, https:\/\/bioenfapesp.org\/scopebioenergy\/wp-content\/uploads\/2021\/02\/photo-sac-272x182.jpg 272w\" sizes=\"auto, (max-width: 588px) 100vw, 588px\" \/><figcaption>27-28 February 2013, S\u00e3o Paulo &#8211; Brazil<\/figcaption><\/figure><\/div>\n","protected":false},"excerpt":{"rendered":"<p>SCOPE-FAPESP Bioenergy &amp; Sustainability Symposium Policy Day &#8211; 2nd Brazilian Bioenergy Science and Technology Conference SCOPE RAP Workshop Participants Scoping Meeting<\/p>\n","protected":false},"author":1,"featured_media":0,"parent":0,"menu_order":0,"comment_status":"closed","ping_status":"closed","template":"","meta":{"footnotes":""},"class_list":["post-907","page","type-page","status-publish","hentry","post"],"_links":{"self":[{"href":"https:\/\/bioenfapesp.org\/scopebioenergy\/index.php\/wp-json\/wp\/v2\/pages\/907","targetHints":{"allow":["GET"]}}],"collection":[{"href":"https:\/\/bioenfapesp.org\/scopebioenergy\/index.php\/wp-json\/wp\/v2\/pages"}],"about":[{"href":"https:\/\/bioenfapesp.org\/scopebioenergy\/index.php\/wp-json\/wp\/v2\/types\/page"}],"author":[{"embeddable":true,"href":"https:\/\/bioenfapesp.org\/scopebioenergy\/index.php\/wp-json\/wp\/v2\/users\/1"}],"replies":[{"embeddable":true,"href":"https:\/\/bioenfapesp.org\/scopebioenergy\/index.php\/wp-json\/wp\/v2\/comments?post=907"}],"version-history":[{"count":10,"href":"https:\/\/bioenfapesp.org\/scopebioenergy\/index.php\/wp-json\/wp\/v2\/pages\/907\/revisions"}],"predecessor-version":[{"id":1212,"href":"https:\/\/bioenfapesp.org\/scopebioenergy\/index.php\/wp-json\/wp\/v2\/pages\/907\/revisions\/1212"}],"wp:attachment":[{"href":"https:\/\/bioenfapesp.org\/scopebioenergy\/index.php\/wp-json\/wp\/v2\/media?parent=907"}],"curies":[{"name":"wp","href":"https:\/\/api.w.org\/{rel}","templated":true}]}}